{"id":11,"date":"2025-01-10T11:38:08","date_gmt":"2025-01-10T11:38:08","guid":{"rendered":"https:\/\/acrilem.com.ar\/?page_id=11"},"modified":"2025-01-11T08:37:01","modified_gmt":"2025-01-11T11:37:01","slug":"contacto-2","status":"publish","type":"page","link":"https:\/\/acrilem.com.ar\/index.php\/contacto-2\/","title":{"rendered":"CONTACTO"},"content":{"rendered":"\n<div class=\"wp-block-group alignfull has-global-padding is-layout-constrained wp-container-core-group-is-layout-19e250f3 wp-block-group-is-layout-constrained\">\n<div class=\"wp-block-columns alignfull are-vertically-aligned-center has-light-background-background-color has-background is-layout-flex wp-container-core-columns-is-layout-dd282781 wp-block-columns-is-layout-flex\" style=\"padding-top:0;padding-right:0;padding-bottom:0;padding-left:0\">\n<div class=\"wp-block-column is-vertically-aligned-center map-grayscale is-layout-flow wp-block-column-is-layout-flow\" style=\"flex-basis:50%\">\n<figure class=\"wp-block-image size-large\"><a href=\"https:\/\/maps.app.goo.gl\/u8gnJuLFXmTmzczP6\" target=\"_blank\" rel=\" noreferrer noopener\"><img loading=\"lazy\" width=\"1024\" height=\"527\" src=\"https:\/\/acrilem.com.ar\/wp-content\/uploads\/2025\/01\/GOOGLE-MAPS-ACRILEM-2-1024x527.jpg\" alt=\"\" class=\"wp-image-172\" srcset=\"https:\/\/acrilem.com.ar\/wp-content\/uploads\/2025\/01\/GOOGLE-MAPS-ACRILEM-2-1024x527.jpg 1024w, https:\/\/acrilem.com.ar\/wp-content\/uploads\/2025\/01\/GOOGLE-MAPS-ACRILEM-2-300x154.jpg 300w, https:\/\/acrilem.com.ar\/wp-content\/uploads\/2025\/01\/GOOGLE-MAPS-ACRILEM-2.jpg 1136w\" sizes=\"auto, (max-width: 1024px) 100vw, 1024px\" \/><\/a><\/figure>\n<\/div>\n\n\n\n<div class=\"wp-block-column is-vertically-aligned-center is-layout-flow wp-block-column-is-layout-flow\" style=\"padding-top:var(--wp--preset--spacing--small);padding-right:var(--wp--preset--spacing--small);padding-bottom:var(--wp--preset--spacing--small);padding-left:2%;flex-basis:50%\">\n<h3 class=\"wp-block-heading has-large-font-size\">Acrilem Group<\/h3>\n\n\n\n<h3 class=\"wp-block-heading\"><strong>Direcci\u00f3n<\/strong><\/h3>\n\n\n\n<p>Martin Rodriguez 1701, Villa Adelina<\/p>\n\n\n\n<h3 class=\"wp-block-heading\"><strong>Email<\/strong><\/h3>\n\n\n\n<p>ventas@cerramientosacrilem.com.ar \u00f3 presupuestos@cerramientosacrilem.com.ar<\/p>\n\n\n\n<h3 class=\"wp-block-heading\"><strong>Telefono<\/strong><\/h3>\n\n\n\n<p>4766-1627 \u00f3 4735-6162<\/p>\n<\/div>\n<\/div>\n<\/div>\n\n\n\n<div class=\"wp-block-group has-global-padding is-layout-constrained wp-block-group-is-layout-constrained\">\n<div style=\"height:33px\" aria-hidden=\"true\" class=\"wp-block-spacer\"><\/div>\n\n\n\n<div style=\"height:45px\" aria-hidden=\"true\" class=\"wp-block-spacer\"><\/div>\n<\/div>\n","protected":false},"excerpt":{"rendered":"<p>Acrilem Group Direcci\u00f3n Martin Rodriguez 1701, Villa Adelina Email ventas@cerramientosacrilem.com.ar \u00f3 presupuestos@cerramientosacrilem.com.ar Telefono 4766-1627 \u00f3 4735-6162<\/p>\n","protected":false},"author":1,"featured_media":164,"parent":0,"menu_order":0,"comment_status":"closed","ping_status":"closed","template":"","meta":{"_inspiro_hide_title":false,"footnotes":""},"class_list":["post-11","page","type-page","status-publish","has-post-thumbnail","hentry"],"jetpack_sharing_enabled":true,"_links":{"self":[{"href":"https:\/\/acrilem.com.ar\/index.php\/wp-json\/wp\/v2\/pages\/11","targetHints":{"allow":["GET"]}}],"collection":[{"href":"https:\/\/acrilem.com.ar\/index.php\/wp-json\/wp\/v2\/pages"}],"about":[{"href":"https:\/\/acrilem.com.ar\/index.php\/wp-json\/wp\/v2\/types\/page"}],"author":[{"embeddable":true,"href":"https:\/\/acrilem.com.ar\/index.php\/wp-json\/wp\/v2\/users\/1"}],"replies":[{"embeddable":true,"href":"https:\/\/acrilem.com.ar\/index.php\/wp-json\/wp\/v2\/comments?post=11"}],"version-history":[{"count":8,"href":"https:\/\/acrilem.com.ar\/index.php\/wp-json\/wp\/v2\/pages\/11\/revisions"}],"predecessor-version":[{"id":221,"href":"https:\/\/acrilem.com.ar\/index.php\/wp-json\/wp\/v2\/pages\/11\/revisions\/221"}],"wp:featuredmedia":[{"embeddable":true,"href":"https:\/\/acrilem.com.ar\/index.php\/wp-json\/wp\/v2\/media\/164"}],"wp:attachment":[{"href":"https:\/\/acrilem.com.ar\/index.php\/wp-json\/wp\/v2\/media?parent=11"}],"curies":[{"name":"wp","href":"https:\/\/api.w.org\/{rel}","templated":true}]}}