{"id":10,"date":"2025-01-10T11:38:08","date_gmt":"2025-01-10T11:38:08","guid":{"rendered":"https:\/\/acrilem.com.ar\/?page_id=10"},"modified":"2025-01-10T16:02:53","modified_gmt":"2025-01-10T19:02:53","slug":"empresa","status":"publish","type":"page","link":"https:\/\/acrilem.com.ar\/index.php\/empresa\/","title":{"rendered":"EMPRESA"},"content":{"rendered":"\n<p>Nacimos con una f\u00e1brica de mamparas de acr\u00edlico y aluminio, que fue diversificando su horizonte a lo que es hoy, l\u00edder en zona norte en fabricaci\u00f3n de carpinter\u00edas de aluminio.<br>Sumando a nuestro abanico de posibilidades divisores de oficina, para que tu oficina, empresa o despacho tengan otro nivel de experiencia con tu cliente.<br>Tambi\u00e9n sumamos construcci\u00f3n en seco, tanto interior como exterior, divisores internos, cielorrasos continuos o desmontables y steelframe con placas cementicias.<br>Sumando las \u00faltimas tecnolog\u00edas para que su obra sea de excelencia.<\/p>\n\n\n\n<figure class=\"wp-block-image size-full is-resized\"><img loading=\"lazy\" width=\"1137\" height=\"455\" src=\"https:\/\/acrilem.com.ar\/wp-content\/uploads\/2025\/01\/WhatsApp-Image-2025-01-10-at-15.30.31AA.jpeg\" alt=\"\" class=\"wp-image-155\" style=\"width:1140px;height:auto\" srcset=\"https:\/\/acrilem.com.ar\/wp-content\/uploads\/2025\/01\/WhatsApp-Image-2025-01-10-at-15.30.31AA.jpeg 1137w, https:\/\/acrilem.com.ar\/wp-content\/uploads\/2025\/01\/WhatsApp-Image-2025-01-10-at-15.30.31AA-300x120.jpeg 300w, https:\/\/acrilem.com.ar\/wp-content\/uploads\/2025\/01\/WhatsApp-Image-2025-01-10-at-15.30.31AA-1024x410.jpeg 1024w\" sizes=\"auto, (max-width: 1137px) 100vw, 1137px\" \/><\/figure>\n\n\n\n<div style=\"height:56px\" aria-hidden=\"true\" class=\"wp-block-spacer\"><\/div>\n\n\n\n<p><\/p>\n","protected":false},"excerpt":{"rendered":"<p>Nacimos con una f\u00e1brica de mamparas de acr\u00edlico y aluminio, que fue diversificando su horizonte a lo que es hoy, l\u00edder en zona norte en fabricaci\u00f3n de carpinter\u00edas de aluminio.Sumando a nuestro abanico de posibilidades divisores de oficina, para que tu oficina, empresa o despacho tengan otro nivel de experiencia con tu cliente.Tambi\u00e9n sumamos construcci\u00f3n &hellip; <\/p>\n<p class=\"link-more\"><a href=\"https:\/\/acrilem.com.ar\/index.php\/empresa\/\" class=\"more-link\">Leer m\u00e1s<span class=\"screen-reader-text\"> \u00abEMPRESA\u00bb<\/span><\/a><\/p>\n","protected":false},"author":1,"featured_media":163,"parent":0,"menu_order":0,"comment_status":"closed","ping_status":"closed","template":"","meta":{"_inspiro_hide_title":false,"footnotes":""},"class_list":["post-10","page","type-page","status-publish","has-post-thumbnail","hentry"],"jetpack_sharing_enabled":true,"_links":{"self":[{"href":"https:\/\/acrilem.com.ar\/index.php\/wp-json\/wp\/v2\/pages\/10","targetHints":{"allow":["GET"]}}],"collection":[{"href":"https:\/\/acrilem.com.ar\/index.php\/wp-json\/wp\/v2\/pages"}],"about":[{"href":"https:\/\/acrilem.com.ar\/index.php\/wp-json\/wp\/v2\/types\/page"}],"author":[{"embeddable":true,"href":"https:\/\/acrilem.com.ar\/index.php\/wp-json\/wp\/v2\/users\/1"}],"replies":[{"embeddable":true,"href":"https:\/\/acrilem.com.ar\/index.php\/wp-json\/wp\/v2\/comments?post=10"}],"version-history":[{"count":7,"href":"https:\/\/acrilem.com.ar\/index.php\/wp-json\/wp\/v2\/pages\/10\/revisions"}],"predecessor-version":[{"id":165,"href":"https:\/\/acrilem.com.ar\/index.php\/wp-json\/wp\/v2\/pages\/10\/revisions\/165"}],"wp:featuredmedia":[{"embeddable":true,"href":"https:\/\/acrilem.com.ar\/index.php\/wp-json\/wp\/v2\/media\/163"}],"wp:attachment":[{"href":"https:\/\/acrilem.com.ar\/index.php\/wp-json\/wp\/v2\/media?parent=10"}],"curies":[{"name":"wp","href":"https:\/\/api.w.org\/{rel}","templated":true}]}}